{"id":45,"date":"2018-08-25T17:15:17","date_gmt":"2018-08-25T15:15:17","guid":{"rendered":"http:\/\/lesvegamis.fr\/?page_id=45"},"modified":"2024-08-12T12:40:39","modified_gmt":"2024-08-12T10:40:39","slug":"nous-contacter","status":"publish","type":"page","link":"https:\/\/lesvegamis.fr\/index.php\/nous-contacter\/","title":{"rendered":"Nous contacter"},"content":{"rendered":"<p><img loading=\"lazy\" decoding=\"async\" class=\"\" src=\"https:\/\/cdn-icons-png.flaticon.com\/512\/6244\/6244710.png\" alt=\"E-mail - Ic\u00f4nes logo gratuites\" width=\"20\" height=\"20\" \/> Adresse mail : <a href=\"mailto:contact@lesvegamis.fr\">contact@lesvegamis.fr<\/a><\/p>\n<p>T\u00e9l\u00e9phone : 07.66.32.64.91<\/p>\n<p><img loading=\"lazy\" decoding=\"async\" class=\"\" src=\"https:\/\/www.unipile.com\/wp-content\/uploads\/2022\/06\/logo-facebook-noir.png\" alt=\"Facebook logo, t\u00e9l\u00e9charger gratuitement\" width=\"20\" height=\"20\" \/> Facebook: <a href=\"https:\/\/www.facebook.com\/lesvegamis\">Les Veg&rsquo;Amis<\/a><\/p>\n<p><img loading=\"lazy\" decoding=\"async\" class=\"\" src=\"https:\/\/cdn-icons-png.flaticon.com\/512\/87\/87390.png\" alt=\"logo instagram Ic\u00f4ne gratuit\" width=\"20\" height=\"20\" \/> Instagram: <a href=\"https:\/\/www.instagram.com\/lesvegamis\">@LesVegAmis<\/a><\/p>\n\n\n<p>Il existe \u00e9galement un groupe Whats&rsquo;App. Nous contacter pour y \u00eatre ajout\u00e9. <\/p>\n\n\n\n<p><\/p>\n","protected":false},"excerpt":{"rendered":"<p>Adresse mail : contact@lesvegamis.fr T\u00e9l\u00e9phone : 07.66.32.64.91 Facebook: Les Veg&rsquo;Amis Instagram: @LesVegAmis Il existe \u00e9galement un groupe Whats&rsquo;App. Nous contacter pour y \u00eatre ajout\u00e9.<\/p>\n","protected":false},"author":1,"featured_media":0,"parent":0,"menu_order":0,"comment_status":"closed","ping_status":"closed","template":"","meta":{"jetpack_post_was_ever_published":false,"footnotes":""},"class_list":["post-45","page","type-page","status-publish","hentry","no-post-thumbnail"],"yoast_head":"<!-- This site is optimized with the Yoast SEO plugin v27.4 - https:\/\/yoast.com\/product\/yoast-seo-wordpress\/ -->\n<title>Nous contacter - Les V\u00e9g&#039;Amis<\/title>\n<meta name=\"robots\" content=\"index, follow, max-snippet:-1, max-image-preview:large, max-video-preview:-1\" \/>\n<link rel=\"canonical\" href=\"https:\/\/lesvegamis.fr\/index.php\/nous-contacter\/\" \/>\n<meta property=\"og:locale\" content=\"fr_FR\" \/>\n<meta property=\"og:type\" content=\"article\" \/>\n<meta property=\"og:title\" content=\"Nous contacter - Les V\u00e9g&#039;Amis\" \/>\n<meta property=\"og:description\" content=\"Adresse mail : contact@lesvegamis.fr T\u00e9l\u00e9phone : 07.66.32.64.91 Facebook: Les Veg&rsquo;Amis Instagram: @LesVegAmis Il existe \u00e9galement un groupe Whats&rsquo;App. Nous contacter pour y \u00eatre ajout\u00e9.\" \/>\n<meta property=\"og:url\" content=\"https:\/\/lesvegamis.fr\/index.php\/nous-contacter\/\" \/>\n<meta property=\"og:site_name\" content=\"Les V\u00e9g&#039;Amis\" \/>\n<meta property=\"article:publisher\" content=\"https:\/\/www.facebook.com\/lesvegamis\/\" \/>\n<meta property=\"article:modified_time\" content=\"2024-08-12T10:40:39+00:00\" \/>\n<meta property=\"og:image\" content=\"https:\/\/cdn-icons-png.flaticon.com\/512\/6244\/6244710.png\" \/>\n<meta name=\"twitter:card\" content=\"summary_large_image\" \/>\n<meta name=\"twitter:label1\" content=\"Dur\u00e9e de lecture estim\u00e9e\" \/>\n\t<meta name=\"twitter:data1\" content=\"1 minute\" \/>\n<script type=\"application\/ld+json\" class=\"yoast-schema-graph\">{\"@context\":\"https:\\\/\\\/schema.org\",\"@graph\":[{\"@type\":\"WebPage\",\"@id\":\"https:\\\/\\\/lesvegamis.fr\\\/index.php\\\/nous-contacter\\\/\",\"url\":\"https:\\\/\\\/lesvegamis.fr\\\/index.php\\\/nous-contacter\\\/\",\"name\":\"Nous contacter - Les V\u00e9g&#039;Amis\",\"isPartOf\":{\"@id\":\"https:\\\/\\\/lesvegamis.fr\\\/#website\"},\"primaryImageOfPage\":{\"@id\":\"https:\\\/\\\/lesvegamis.fr\\\/index.php\\\/nous-contacter\\\/#primaryimage\"},\"image\":{\"@id\":\"https:\\\/\\\/lesvegamis.fr\\\/index.php\\\/nous-contacter\\\/#primaryimage\"},\"thumbnailUrl\":\"https:\\\/\\\/cdn-icons-png.flaticon.com\\\/512\\\/6244\\\/6244710.png\",\"datePublished\":\"2018-08-25T15:15:17+00:00\",\"dateModified\":\"2024-08-12T10:40:39+00:00\",\"breadcrumb\":{\"@id\":\"https:\\\/\\\/lesvegamis.fr\\\/index.php\\\/nous-contacter\\\/#breadcrumb\"},\"inLanguage\":\"fr-FR\",\"potentialAction\":[{\"@type\":\"ReadAction\",\"target\":[\"https:\\\/\\\/lesvegamis.fr\\\/index.php\\\/nous-contacter\\\/\"]}]},{\"@type\":\"ImageObject\",\"inLanguage\":\"fr-FR\",\"@id\":\"https:\\\/\\\/lesvegamis.fr\\\/index.php\\\/nous-contacter\\\/#primaryimage\",\"url\":\"https:\\\/\\\/cdn-icons-png.flaticon.com\\\/512\\\/6244\\\/6244710.png\",\"contentUrl\":\"https:\\\/\\\/cdn-icons-png.flaticon.com\\\/512\\\/6244\\\/6244710.png\"},{\"@type\":\"BreadcrumbList\",\"@id\":\"https:\\\/\\\/lesvegamis.fr\\\/index.php\\\/nous-contacter\\\/#breadcrumb\",\"itemListElement\":[{\"@type\":\"ListItem\",\"position\":1,\"name\":\"Accueil\",\"item\":\"https:\\\/\\\/lesvegamis.fr\\\/\"},{\"@type\":\"ListItem\",\"position\":2,\"name\":\"Nous contacter\"}]},{\"@type\":\"WebSite\",\"@id\":\"https:\\\/\\\/lesvegamis.fr\\\/#website\",\"url\":\"https:\\\/\\\/lesvegamis.fr\\\/\",\"name\":\"Les V\u00e9g'Amis\",\"description\":\"L&#039;association v\u00e9gane de Pau\",\"publisher\":{\"@id\":\"https:\\\/\\\/lesvegamis.fr\\\/#organization\"},\"potentialAction\":[{\"@type\":\"SearchAction\",\"target\":{\"@type\":\"EntryPoint\",\"urlTemplate\":\"https:\\\/\\\/lesvegamis.fr\\\/?s={search_term_string}\"},\"query-input\":{\"@type\":\"PropertyValueSpecification\",\"valueRequired\":true,\"valueName\":\"search_term_string\"}}],\"inLanguage\":\"fr-FR\"},{\"@type\":\"Organization\",\"@id\":\"https:\\\/\\\/lesvegamis.fr\\\/#organization\",\"name\":\"Association vegan de Pau Les V\u00e9g'Amis\",\"url\":\"https:\\\/\\\/lesvegamis.fr\\\/\",\"logo\":{\"@type\":\"ImageObject\",\"inLanguage\":\"fr-FR\",\"@id\":\"https:\\\/\\\/lesvegamis.fr\\\/#\\\/schema\\\/logo\\\/image\\\/\",\"url\":\"https:\\\/\\\/lesvegamis.fr\\\/wp-content\\\/uploads\\\/2022\\\/12\\\/cropped-logo-couleur-nom-1.png\",\"contentUrl\":\"https:\\\/\\\/lesvegamis.fr\\\/wp-content\\\/uploads\\\/2022\\\/12\\\/cropped-logo-couleur-nom-1.png\",\"width\":192,\"height\":288,\"caption\":\"Association vegan de Pau Les V\u00e9g'Amis\"},\"image\":{\"@id\":\"https:\\\/\\\/lesvegamis.fr\\\/#\\\/schema\\\/logo\\\/image\\\/\"},\"sameAs\":[\"https:\\\/\\\/www.facebook.com\\\/lesvegamis\\\/\",\"https:\\\/\\\/www.instagram.com\\\/lesvegamis\\\/\"]}]}<\/script>\n<!-- \/ Yoast SEO plugin. -->","yoast_head_json":{"title":"Nous contacter - Les V\u00e9g&#039;Amis","robots":{"index":"index","follow":"follow","max-snippet":"max-snippet:-1","max-image-preview":"max-image-preview:large","max-video-preview":"max-video-preview:-1"},"canonical":"https:\/\/lesvegamis.fr\/index.php\/nous-contacter\/","og_locale":"fr_FR","og_type":"article","og_title":"Nous contacter - Les V\u00e9g&#039;Amis","og_description":"Adresse mail : contact@lesvegamis.fr T\u00e9l\u00e9phone : 07.66.32.64.91 Facebook: Les Veg&rsquo;Amis Instagram: @LesVegAmis Il existe \u00e9galement un groupe Whats&rsquo;App. Nous contacter pour y \u00eatre ajout\u00e9.","og_url":"https:\/\/lesvegamis.fr\/index.php\/nous-contacter\/","og_site_name":"Les V\u00e9g&#039;Amis","article_publisher":"https:\/\/www.facebook.com\/lesvegamis\/","article_modified_time":"2024-08-12T10:40:39+00:00","og_image":[{"url":"https:\/\/cdn-icons-png.flaticon.com\/512\/6244\/6244710.png","type":"","width":"","height":""}],"twitter_card":"summary_large_image","twitter_misc":{"Dur\u00e9e de lecture estim\u00e9e":"1 minute"},"schema":{"@context":"https:\/\/schema.org","@graph":[{"@type":"WebPage","@id":"https:\/\/lesvegamis.fr\/index.php\/nous-contacter\/","url":"https:\/\/lesvegamis.fr\/index.php\/nous-contacter\/","name":"Nous contacter - Les V\u00e9g&#039;Amis","isPartOf":{"@id":"https:\/\/lesvegamis.fr\/#website"},"primaryImageOfPage":{"@id":"https:\/\/lesvegamis.fr\/index.php\/nous-contacter\/#primaryimage"},"image":{"@id":"https:\/\/lesvegamis.fr\/index.php\/nous-contacter\/#primaryimage"},"thumbnailUrl":"https:\/\/cdn-icons-png.flaticon.com\/512\/6244\/6244710.png","datePublished":"2018-08-25T15:15:17+00:00","dateModified":"2024-08-12T10:40:39+00:00","breadcrumb":{"@id":"https:\/\/lesvegamis.fr\/index.php\/nous-contacter\/#breadcrumb"},"inLanguage":"fr-FR","potentialAction":[{"@type":"ReadAction","target":["https:\/\/lesvegamis.fr\/index.php\/nous-contacter\/"]}]},{"@type":"ImageObject","inLanguage":"fr-FR","@id":"https:\/\/lesvegamis.fr\/index.php\/nous-contacter\/#primaryimage","url":"https:\/\/cdn-icons-png.flaticon.com\/512\/6244\/6244710.png","contentUrl":"https:\/\/cdn-icons-png.flaticon.com\/512\/6244\/6244710.png"},{"@type":"BreadcrumbList","@id":"https:\/\/lesvegamis.fr\/index.php\/nous-contacter\/#breadcrumb","itemListElement":[{"@type":"ListItem","position":1,"name":"Accueil","item":"https:\/\/lesvegamis.fr\/"},{"@type":"ListItem","position":2,"name":"Nous contacter"}]},{"@type":"WebSite","@id":"https:\/\/lesvegamis.fr\/#website","url":"https:\/\/lesvegamis.fr\/","name":"Les V\u00e9g'Amis","description":"L&#039;association v\u00e9gane de Pau","publisher":{"@id":"https:\/\/lesvegamis.fr\/#organization"},"potentialAction":[{"@type":"SearchAction","target":{"@type":"EntryPoint","urlTemplate":"https:\/\/lesvegamis.fr\/?s={search_term_string}"},"query-input":{"@type":"PropertyValueSpecification","valueRequired":true,"valueName":"search_term_string"}}],"inLanguage":"fr-FR"},{"@type":"Organization","@id":"https:\/\/lesvegamis.fr\/#organization","name":"Association vegan de Pau Les V\u00e9g'Amis","url":"https:\/\/lesvegamis.fr\/","logo":{"@type":"ImageObject","inLanguage":"fr-FR","@id":"https:\/\/lesvegamis.fr\/#\/schema\/logo\/image\/","url":"https:\/\/lesvegamis.fr\/wp-content\/uploads\/2022\/12\/cropped-logo-couleur-nom-1.png","contentUrl":"https:\/\/lesvegamis.fr\/wp-content\/uploads\/2022\/12\/cropped-logo-couleur-nom-1.png","width":192,"height":288,"caption":"Association vegan de Pau Les V\u00e9g'Amis"},"image":{"@id":"https:\/\/lesvegamis.fr\/#\/schema\/logo\/image\/"},"sameAs":["https:\/\/www.facebook.com\/lesvegamis\/","https:\/\/www.instagram.com\/lesvegamis\/"]}]}},"jetpack_sharing_enabled":true,"_links":{"self":[{"href":"https:\/\/lesvegamis.fr\/index.php\/wp-json\/wp\/v2\/pages\/45","targetHints":{"allow":["GET"]}}],"collection":[{"href":"https:\/\/lesvegamis.fr\/index.php\/wp-json\/wp\/v2\/pages"}],"about":[{"href":"https:\/\/lesvegamis.fr\/index.php\/wp-json\/wp\/v2\/types\/page"}],"author":[{"embeddable":true,"href":"https:\/\/lesvegamis.fr\/index.php\/wp-json\/wp\/v2\/users\/1"}],"replies":[{"embeddable":true,"href":"https:\/\/lesvegamis.fr\/index.php\/wp-json\/wp\/v2\/comments?post=45"}],"version-history":[{"count":9,"href":"https:\/\/lesvegamis.fr\/index.php\/wp-json\/wp\/v2\/pages\/45\/revisions"}],"predecessor-version":[{"id":1945,"href":"https:\/\/lesvegamis.fr\/index.php\/wp-json\/wp\/v2\/pages\/45\/revisions\/1945"}],"wp:attachment":[{"href":"https:\/\/lesvegamis.fr\/index.php\/wp-json\/wp\/v2\/media?parent=45"}],"curies":[{"name":"wp","href":"https:\/\/api.w.org\/{rel}","templated":true}]}}